{"id":162,"date":"2026-03-10T18:22:41","date_gmt":"2026-03-10T17:22:41","guid":{"rendered":"https:\/\/wir-in-langenhorn.de\/?page_id=162"},"modified":"2026-04-08T15:37:54","modified_gmt":"2026-04-08T13:37:54","slug":"ansprechpartner","status":"publish","type":"page","link":"https:\/\/wir-in-langenhorn.de\/?page_id=162","title":{"rendered":"Ansprechpartner"},"content":{"rendered":"\n<h2 class=\"wp-block-heading\">Quartiersentwickler<\/h2>\n\n\n\n<p>Peter H\u00f6lzerkopf &#8211;&gt; p.hoelzerkopf[at]schiffszimmerer.de<br>Telefon: +49 40 63800-21<\/p>\n\n\n\n<p><\/p>\n\n\n\n<h2 class=\"wp-block-heading\">Hausverwalter Langenhorn II<\/h2>\n\n\n\n<p>Name: Jan Wulf<br>Tel.: +49 40 63800-431<br>Theodor-Fahr-Stra\u00dfe 38 \/ 22419 Hamburg<\/p>\n\n\n\n<p><\/p>\n\n\n\n<h2 class=\"wp-block-heading\">Gew\u00e4hlte Vertreter<\/h2>\n\n\n\n<p>Heide S. &#8211;> Sprecherin<br>Frank B. &#8211;> Finanzverwalter<br>Melanie E.<br>Marlies C.<br>Jens-Peter K.<br>Oliver B.<\/p>\n\n\n\n<p><\/p>\n\n\n\n<p><\/p>\n\n\n\n<h2 class=\"wp-block-heading\">Nummern f\u00fcr alle F\u00e4lle<\/h2>\n\n\n\n<p><strong>Silbernetz<\/strong> &#8211; \u00dcber 60 Jahre alt und niemand da zum Reden? Im Silbernetz finden Sie t\u00e4glich von 8 bis 22 Uhr Kontakt, kostenlos unter <strong>0800\/7022240<\/strong><\/p>\n\n\n\n<p><strong>Telefonseelsorge<\/strong> &#8211; Angst, Trauer, Einsamkeit oder Ungekl\u00e4rtes \u2013 ein offenes Ohr und Unterst\u00fctzung in schwierigen Lebenslagen bieten die ausgebildeten Ehrenamtlichen der Telefonseelsorge rund um die Uhr, kostenlos unter <strong>0800\/1 11 01 11<\/strong>, <strong>0800\/110222<\/strong> oder <strong>0800\/116123<\/strong><\/p>\n\n\n\n<p><strong>Nummer gegen Kummer<\/strong> &#8211; Eltern sein ist manchmal ganz sch\u00f6n schwer! Telefonische Beratung, montags bis freitags von 9 bis 17 Uhr, dienstags und donnerstags bis 19 Uhr. Kostenlos unter: <strong>0800\/1110550<\/strong><\/p>\n\n\n\n<p><strong>HVV-Heimwegtelefon<\/strong> &#8211; Mulmiges Gef\u00fchl auf dem Heimweg? Geschulte Ehrenamtliche begleiten Sie am Telefon, von Sonntag bis Donnerstag von 21 Uhr bis Mitternacht, freitags und sonnabends von 21 Uhr bis 3 Uhr morgens, kostenlos unter <strong>0800\/46484648<\/strong><\/p>\n\n\n\n<p><strong>Pfoten-Buddies<\/strong> &#8211; Mit der Haustierhilfe bietet der Arbeiter-Samariter-Bund (ASB) \u00e4lteren oder erkrankten Menschen Unterst\u00fctzung bei der Versorgung ihrer Haustiere an. Kontakt \u00fcber die <strong>ASB Zeitspender-Agentur<\/strong>: <strong>040\/25330504<\/strong><\/p>\n\n\n\n<p><strong>QplusAlter<\/strong> &#8211; Wir beraten am Telefon, kommen zu den Menschen nach Hause oder treffen uns mit ihnen im Stadtteil. Es gibt regelm\u00e4\u00dfige Sprechstunden, z.B. in Kirchengemeinden oder Nachbarschaftstreffs. Die Beratungen sind kostenfrei. Wenn Sie sich beraten lassen m\u00f6chten, rufen Sie einfach an und vereinbaren einen Termin.<br>Unsere Rufnummern: Bergedorf: 040\/507733-55, Eimsb\u00fcttel: 0 40\/50 77 33-53, <strong>Hamburg-Nord<\/strong>: <strong>040\/50 77 33-54<\/strong>, Wandsbek: 040\/507733-58<\/p>\n\n\n\n<p><strong>Schadensmeldung \/ Notdienst<\/strong> der Schiffszimmerer Genossenschaft<br>Entweder beim Hausverwalter melden, oder<br><strong>Notdienstzentrale<br>040 345 110<\/strong><\/p>\n\n\n\n<p>Montags\u2009bis\u2009\u2009Donnerstags jeweils ab 16 bis 8 Uhr am folgenden Werktag<br>Freitags ab 12 Uhr bis Montag 8 Uhr<br>sowie an allen Feiertagen<br>Link zum Schadensformular (kein Notdienst)<br>Bitte <a href=\"https:\/\/www.schiffszimmerer.de\/mitglieder\/schadensmeldung-notdienst\" data-type=\"link\" data-id=\"https:\/\/www.schiffszimmerer.de\/mitglieder\/schadensmeldung-notdienst\">hier<\/a> klicken<\/p>\n\n\n\n<p><\/p>\n\n\n\n<p><\/p>\n\n\n\n<p><\/p>\n\n\n\n<p><\/p>\n","protected":false},"excerpt":{"rendered":"<p>Quartiersentwickler Peter H\u00f6lzerkopf &#8211;&gt; p.hoelzerkopf[at]schiffszimmerer.deTelefon: +49 40 63800-21 Hausverwalter Langenhorn II Name: Jan WulfTel.: +49 40 63800-431Theodor-Fahr-Stra\u00dfe 38 \/ 22419 Hamburg Gew\u00e4hlte Vertreter Heide S. &#8211;> SprecherinFrank B. &#8211;> FinanzverwalterMelanie [&hellip;]<\/p>\n","protected":false},"author":1,"featured_media":0,"parent":0,"menu_order":0,"comment_status":"closed","ping_status":"closed","template":"","meta":{"_EventAllDay":false,"_EventTimezone":"","_EventStartDate":"","_EventEndDate":"","_EventStartDateUTC":"","_EventEndDateUTC":"","_EventShowMap":false,"_EventShowMapLink":false,"_EventURL":"","_EventCost":"","_EventCostDescription":"","_EventCurrencySymbol":"","_EventCurrencyCode":"","_EventCurrencyPosition":"","_EventDateTimeSeparator":"","_EventTimeRangeSeparator":"","_EventOrganizerID":[],"_EventVenueID":[],"_OrganizerEmail":"","_OrganizerPhone":"","_OrganizerWebsite":"","_VenueAddress":"","_VenueCity":"","_VenueCountry":"","_VenueProvince":"","_VenueState":"","_VenueZip":"","_VenuePhone":"","_VenueURL":"","_VenueStateProvince":"","_VenueLat":"","_VenueLng":"","_VenueShowMap":false,"_VenueShowMapLink":false,"footnotes":""},"class_list":["post-162","page","type-page","status-publish","hentry"],"_links":{"self":[{"href":"https:\/\/wir-in-langenhorn.de\/index.php?rest_route=\/wp\/v2\/pages\/162","targetHints":{"allow":["GET"]}}],"collection":[{"href":"https:\/\/wir-in-langenhorn.de\/index.php?rest_route=\/wp\/v2\/pages"}],"about":[{"href":"https:\/\/wir-in-langenhorn.de\/index.php?rest_route=\/wp\/v2\/types\/page"}],"author":[{"embeddable":true,"href":"https:\/\/wir-in-langenhorn.de\/index.php?rest_route=\/wp\/v2\/users\/1"}],"replies":[{"embeddable":true,"href":"https:\/\/wir-in-langenhorn.de\/index.php?rest_route=%2Fwp%2Fv2%2Fcomments&post=162"}],"version-history":[{"count":17,"href":"https:\/\/wir-in-langenhorn.de\/index.php?rest_route=\/wp\/v2\/pages\/162\/revisions"}],"predecessor-version":[{"id":266,"href":"https:\/\/wir-in-langenhorn.de\/index.php?rest_route=\/wp\/v2\/pages\/162\/revisions\/266"}],"wp:attachment":[{"href":"https:\/\/wir-in-langenhorn.de\/index.php?rest_route=%2Fwp%2Fv2%2Fmedia&parent=162"}],"curies":[{"name":"wp","href":"https:\/\/api.w.org\/{rel}","templated":true}]}}