{"id":220,"date":"2026-03-31T18:38:55","date_gmt":"2026-03-31T16:38:55","guid":{"rendered":"https:\/\/wir-in-langenhorn.de\/?page_id=220"},"modified":"2026-04-08T15:45:46","modified_gmt":"2026-04-08T13:45:46","slug":"whatsapp-und-signal","status":"publish","type":"page","link":"https:\/\/wir-in-langenhorn.de\/?page_id=220","title":{"rendered":"WhatsApp und Signal"},"content":{"rendered":"\n<p>Willkommen in unserer Wir-in-Langenhorn WhatsApp und Signal Gruppe.<\/p>\n\n\n\n<p>Wozu dienen diese Gruppen?<br>&#8211; Bekanntgabe von Veranstaltungen<br>&#8211; Wenn jemand spontan Hilfe ben\u00f6tigt<br>&#8211; Wenn man mit anderen in Kontakt treten m\u00f6chte<br>&#8211; F\u00fcr Ideen<\/p>\n\n\n\n<p>Was soll in den Gruppen nicht geteilt werden?<br>&#8211; Gr\u00fc\u00dfe an andere<br>&#8211; Mitteilungen, wenn man an einer Veranstaltung nicht teilnehmen kann<br>&#8211; Bilder aus anderen Gruppen oder der Welt<br>&#8211; Nachrichten mit Diskriminierungen, Ausl\u00e4nderfeindlichkeiten und Rassismus<\/p>\n\n\n\n<p>Wie komme ich in die Gruppe?<br>&#8211; Einfach den QR Code f\u00fcr die WhatsApp oder\/und Signal Gruppe scannen<\/p>\n\n\n\n<p>ACHTUNG: Die Administratoren behalten sich vor User, die sich nicht benehmen, ohne Warnung zu l\u00f6schen!<br><\/p>\n\n\n\n<p>WhatsApp QR Code:<br><img loading=\"lazy\" decoding=\"async\" width=\"150\" height=\"152\" class=\"wp-image-248\" style=\"width: 150px;\" src=\"http:\/\/wir-in-langenhorn.de\/wp-content\/uploads\/2026\/03\/QR_Code_WhatsApp.png\" alt=\"\"><br><\/p>\n\n\n\n<p>Signal QR Code:<br><img loading=\"lazy\" decoding=\"async\" width=\"150\" height=\"148\" class=\"wp-image-246\" style=\"width: 150px;\" src=\"http:\/\/wir-in-langenhorn.de\/wp-content\/uploads\/2026\/03\/QR_Code_Signal.png\" alt=\"\"><\/p>\n","protected":false},"excerpt":{"rendered":"<p>Willkommen in unserer Wir-in-Langenhorn WhatsApp und Signal Gruppe. Wozu dienen diese Gruppen?&#8211; Bekanntgabe von Veranstaltungen&#8211; Wenn jemand spontan Hilfe ben\u00f6tigt&#8211; Wenn man mit anderen in Kontakt treten m\u00f6chte&#8211; F\u00fcr Ideen [&hellip;]<\/p>\n","protected":false},"author":2,"featured_media":0,"parent":39,"menu_order":0,"comment_status":"closed","ping_status":"closed","template":"","meta":{"_EventAllDay":false,"_EventTimezone":"","_EventStartDate":"","_EventEndDate":"","_EventStartDateUTC":"","_EventEndDateUTC":"","_EventShowMap":false,"_EventShowMapLink":false,"_EventURL":"","_EventCost":"","_EventCostDescription":"","_EventCurrencySymbol":"","_EventCurrencyCode":"","_EventCurrencyPosition":"","_EventDateTimeSeparator":"","_EventTimeRangeSeparator":"","_EventOrganizerID":[],"_EventVenueID":[],"_OrganizerEmail":"","_OrganizerPhone":"","_OrganizerWebsite":"","_VenueAddress":"","_VenueCity":"","_VenueCountry":"","_VenueProvince":"","_VenueState":"","_VenueZip":"","_VenuePhone":"","_VenueURL":"","_VenueStateProvince":"","_VenueLat":"","_VenueLng":"","_VenueShowMap":false,"_VenueShowMapLink":false,"footnotes":""},"class_list":["post-220","page","type-page","status-publish","hentry"],"_links":{"self":[{"href":"https:\/\/wir-in-langenhorn.de\/index.php?rest_route=\/wp\/v2\/pages\/220","targetHints":{"allow":["GET"]}}],"collection":[{"href":"https:\/\/wir-in-langenhorn.de\/index.php?rest_route=\/wp\/v2\/pages"}],"about":[{"href":"https:\/\/wir-in-langenhorn.de\/index.php?rest_route=\/wp\/v2\/types\/page"}],"author":[{"embeddable":true,"href":"https:\/\/wir-in-langenhorn.de\/index.php?rest_route=\/wp\/v2\/users\/2"}],"replies":[{"embeddable":true,"href":"https:\/\/wir-in-langenhorn.de\/index.php?rest_route=%2Fwp%2Fv2%2Fcomments&post=220"}],"version-history":[{"count":6,"href":"https:\/\/wir-in-langenhorn.de\/index.php?rest_route=\/wp\/v2\/pages\/220\/revisions"}],"predecessor-version":[{"id":267,"href":"https:\/\/wir-in-langenhorn.de\/index.php?rest_route=\/wp\/v2\/pages\/220\/revisions\/267"}],"up":[{"embeddable":true,"href":"https:\/\/wir-in-langenhorn.de\/index.php?rest_route=\/wp\/v2\/pages\/39"}],"wp:attachment":[{"href":"https:\/\/wir-in-langenhorn.de\/index.php?rest_route=%2Fwp%2Fv2%2Fmedia&parent=220"}],"curies":[{"name":"wp","href":"https:\/\/api.w.org\/{rel}","templated":true}]}}